{"id":585,"date":"2025-04-24T08:52:51","date_gmt":"2025-04-24T08:52:51","guid":{"rendered":"https:\/\/thehousesitting.com\/legal-notice\/"},"modified":"2025-05-04T07:59:07","modified_gmt":"2025-05-04T07:59:07","slug":"rechtliche-hinweise","status":"publish","type":"page","link":"https:\/\/thehousesitting.com\/de\/rechtliche-hinweise\/","title":{"rendered":"Rechtliche Hinweise"},"content":{"rendered":"<p>In diesem Impressum finden die Nutzer alle rechtlichen Informationen \u00fcber die Bedingungen, die das Verh\u00e4ltnis zwischen den Nutzern und der f\u00fcr die Website verantwortlichen Stelle definieren, die unter der URL <strong>https:\/\/thehousesitting.com<\/strong> (im Folgenden die \u201eWebsite\u201c) erreichbar ist und von DIGITAL EMPRESA LTD f\u00fcr Internetnutzer bereitgestellt wird.<\/p>\n<p>Die Nutzung der Website bedeutet die vollst\u00e4ndige und uneingeschr\u00e4nkte Annahme aller Bestimmungen dieses Impressums. Daher muss der Nutzer dieses Impressum bei jeder beabsichtigten Nutzung der Website sorgf\u00e4ltig lesen, da es vom Eigent\u00fcmer der Website nach eigenem Ermessen oder aufgrund gesetzlicher, richterlicher oder gesch\u00e4ftlicher \u00c4nderungen aktualisiert werden kann.<\/p>\n<p><strong>1.- ANGABEN ZUR VERANTWORTLICHEN STELLE<\/strong><\/p>\n<p><strong>Unternehmensname:<\/strong> DIGITAL EMPRESA LTD<br \/>\n    <strong>Adresse:<\/strong> 20-22 Wenlock Road, London. N1 7GU. England<br \/>\n    <strong>USt-IdNr.:<\/strong> 414177022<br \/>\n    <strong>Telefon:<\/strong> +34 611421801 \/ +44 7532765051<br \/>\n    <strong>E-Mail:<\/strong> info@thehousesitting.com<\/p>\n<p>DIGITAL EMPRESA LTD ist f\u00fcr die Website verantwortlich und verpflichtet sich zur Einhaltung aller britischen und europ\u00e4ischen Vorschriften zum Schutz personenbezogener Daten der Nutzer.<\/p>\n<p><strong>2.- ZWECK<\/strong><\/p>\n<p>Die Website bietet den Nutzern Zugang zu Informationen und Dienstleistungen, die von DIGITAL EMPRESA LTD f\u00fcr interessierte Einzelpersonen oder Organisationen bereitgestellt werden.<\/p>\n<p><strong>3.- ZUGANG UND NUTZUNG DER WEBSITE<\/strong><\/p>\n<p><strong>3.1.- Kostenloser Zugang und Nutzung der Website.<\/strong> Der Zugang zur Website ist f\u00fcr die Nutzer kostenlos, mit Ausnahme der Verbindungskosten zum Telekommunikationsnetz, die vom Zugangsanbieter des Nutzers getragen werden.<\/p>\n<p><strong>3.2.- Registrierung des Nutzers.<\/strong> Im Allgemeinen ist der Zugang zur und die Nutzung der Website nicht an eine vorherige Anmeldung oder Registrierung der Nutzer gebunden.<\/p>\n<p><strong>3.3.- Richtigkeit der Nutzerdaten.<\/strong> Die Nutzer garantieren die Richtigkeit, G\u00fcltigkeit und Authentizit\u00e4t der von ihnen angegebenen personenbezogenen Daten und sind daf\u00fcr verantwortlich.<\/p>\n<p><strong>4.- INHALT DER WEBSITE<\/strong><\/p>\n<p>Die Hauptsprache der Website ist Englisch. DIGITAL EMPRESA LTD kann Inhalte ohne vorherige Ank\u00fcndigung \u00e4ndern, ohne daf\u00fcr Verantwortung zu \u00fcbernehmen.<\/p>\n<p><strong>5.- SICHERHEITSMASSNAHMEN<\/strong><\/p>\n<p>Von den Nutzern bereitgestellte personenbezogene Daten k\u00f6nnen in automatisierten oder nicht automatisierten Datenbanken gespeichert werden, die ausschlie\u00dflich DIGITAL EMPRESA LTD geh\u00f6ren, wobei deren Schutz gem\u00e4\u00df den geltenden Vorschriften gew\u00e4hrleistet ist.<\/p>\n<p><strong>6.- HAFTUNGSBESCHR\u00c4NKUNG<\/strong><\/p>\n<p>Die Nutzung der Website erfolgt auf eigenes Risiko des Nutzers. DIGITAL EMPRESA LTD haftet nicht f\u00fcr Sch\u00e4den, die durch eine unsachgem\u00e4\u00dfe Nutzung der Website entstehen.<\/p>\n<p><strong>7.- VERWENDUNG VON COOKIES<\/strong><\/p>\n<p>Die Website kann Cookies gem\u00e4\u00df den Bestimmungen der Cookie-Richtlinie verwenden.<\/p>\n<p><strong>8.- NAVIGATION<\/strong><\/p>\n<p>Die Server k\u00f6nnen nicht identifizierbare Daten wie IP-Adressen sammeln, ausschlie\u00dflich zu statistischen Zwecken und zur Verbesserung des Surfverhaltens.<\/p>\n<p><strong>9.- URHEBER- UND GEWERBLICHES SCHUTZRECHT<\/strong><\/p>\n<p>Alle Inhalte der Website sind Eigentum von DIGITAL EMPRESA LTD. Jegliche nicht autorisierte Vervielf\u00e4ltigung ist untersagt.<\/p>\n<p><strong>10.- ANWENDBARES RECHT UND GERICHTSSTAND<\/strong><\/p>\n<p>Dieses Impressum unterliegt britischem Recht und wird entsprechend ausgelegt. Im Falle von Streitigkeiten unterwerfen sich beide Parteien ausdr\u00fccklich den Gerichten in London, Vereinigtes K\u00f6nigreich, und verzichten auf jede andere eventuell zust\u00e4ndige Gerichtsbarkeit.<\/p>\n","protected":false},"excerpt":{"rendered":"<p>In diesem Impressum finden die Nutzer alle rechtlichen Informationen \u00fcber die Bedingungen, die das Verh\u00e4ltnis zwischen den Nutzern und der f\u00fcr die Website verantwortlichen Stelle definieren, die unter der URL https:\/\/thehousesitting.com (im Folgenden die \u201eWebsite\u201c) erreichbar ist und von DIGITAL EMPRESA LTD f\u00fcr Internetnutzer bereitgestellt wird. Die Nutzung der Website bedeutet die vollst\u00e4ndige und uneingeschr\u00e4nkte&hellip;<\/p>\n","protected":false},"author":1,"featured_media":0,"parent":0,"menu_order":0,"comment_status":"closed","ping_status":"closed","template":"","meta":{"_acf_changed":false,"footnotes":""},"class_list":["post-585","page","type-page","status-publish","hentry","description-off"],"acf":[],"yoast_head":"<!-- This site is optimized with the Yoast SEO plugin v26.6 - https:\/\/yoast.com\/wordpress\/plugins\/seo\/ -->\n<title>Rechtliche Hinweise | The House Sitting<\/title>\n<meta name=\"robots\" content=\"noindex, follow\" \/>\n<meta property=\"og:locale\" content=\"de_DE\" \/>\n<meta property=\"og:type\" content=\"article\" \/>\n<meta property=\"og:title\" content=\"Rechtliche Hinweise | The House Sitting\" \/>\n<meta property=\"og:description\" content=\"In diesem Impressum finden die Nutzer alle rechtlichen Informationen \u00fcber die Bedingungen, die das Verh\u00e4ltnis zwischen den Nutzern und der f\u00fcr die Website verantwortlichen Stelle definieren, die unter der URL https:\/\/thehousesitting.com (im Folgenden die \u201eWebsite\u201c) erreichbar ist und von DIGITAL EMPRESA LTD f\u00fcr Internetnutzer bereitgestellt wird. Die Nutzung der Website bedeutet die vollst\u00e4ndige und uneingeschr\u00e4nkte&hellip;\" \/>\n<meta property=\"og:url\" content=\"https:\/\/thehousesitting.com\/de\/rechtliche-hinweise\/\" \/>\n<meta property=\"og:site_name\" content=\"The House Sitting\" \/>\n<meta property=\"article:modified_time\" content=\"2025-05-04T07:59:07+00:00\" \/>\n<meta property=\"og:image\" content=\"https:\/\/thehousesitting.com\/wp-content\/uploads\/2025\/04\/thehousesitting-google.jpg\" \/>\n\t<meta property=\"og:image:width\" content=\"1200\" \/>\n\t<meta property=\"og:image:height\" content=\"675\" \/>\n\t<meta property=\"og:image:type\" content=\"image\/jpeg\" \/>\n<meta name=\"twitter:card\" content=\"summary_large_image\" \/>\n<meta name=\"twitter:label1\" content=\"Gesch\u00e4tzte Lesezeit\" \/>\n\t<meta name=\"twitter:data1\" content=\"2\u00a0Minuten\" \/>\n<script type=\"application\/ld+json\" class=\"yoast-schema-graph\">{\"@context\":\"https:\/\/schema.org\",\"@graph\":[{\"@type\":\"WebPage\",\"@id\":\"https:\/\/thehousesitting.com\/de\/rechtliche-hinweise\/\",\"url\":\"https:\/\/thehousesitting.com\/de\/rechtliche-hinweise\/\",\"name\":\"Rechtliche Hinweise | The House Sitting\",\"isPartOf\":{\"@id\":\"https:\/\/thehousesitting.com\/de\/#website\"},\"datePublished\":\"2025-04-24T08:52:51+00:00\",\"dateModified\":\"2025-05-04T07:59:07+00:00\",\"breadcrumb\":{\"@id\":\"https:\/\/thehousesitting.com\/de\/rechtliche-hinweise\/#breadcrumb\"},\"inLanguage\":\"de\",\"potentialAction\":[{\"@type\":\"ReadAction\",\"target\":[\"https:\/\/thehousesitting.com\/de\/rechtliche-hinweise\/\"]}]},{\"@type\":\"BreadcrumbList\",\"@id\":\"https:\/\/thehousesitting.com\/de\/rechtliche-hinweise\/#breadcrumb\",\"itemListElement\":[{\"@type\":\"ListItem\",\"position\":1,\"name\":\"Home\",\"item\":\"https:\/\/thehousesitting.com\/de\/\"},{\"@type\":\"ListItem\",\"position\":2,\"name\":\"Rechtliche Hinweise\"}]},{\"@type\":\"WebSite\",\"@id\":\"https:\/\/thehousesitting.com\/de\/#website\",\"url\":\"https:\/\/thehousesitting.com\/de\/\",\"name\":\"The House Sitting\",\"description\":\"Trusted Professionals. Full Support. International Coverage.\",\"publisher\":{\"@id\":\"https:\/\/thehousesitting.com\/de\/#organization\"},\"alternateName\":\"TheHouseSitting\",\"potentialAction\":[{\"@type\":\"SearchAction\",\"target\":{\"@type\":\"EntryPoint\",\"urlTemplate\":\"https:\/\/thehousesitting.com\/de\/?s={search_term_string}\"},\"query-input\":{\"@type\":\"PropertyValueSpecification\",\"valueRequired\":true,\"valueName\":\"search_term_string\"}}],\"inLanguage\":\"de\"},{\"@type\":\"Organization\",\"@id\":\"https:\/\/thehousesitting.com\/de\/#organization\",\"name\":\"TheHouseSitting\",\"url\":\"https:\/\/thehousesitting.com\/de\/\",\"logo\":{\"@type\":\"ImageObject\",\"inLanguage\":\"de\",\"@id\":\"https:\/\/thehousesitting.com\/de\/#\/schema\/logo\/image\/\",\"url\":\"https:\/\/thehousesitting.com\/wp-content\/uploads\/2025\/04\/thehousesitting-002.png\",\"contentUrl\":\"https:\/\/thehousesitting.com\/wp-content\/uploads\/2025\/04\/thehousesitting-002.png\",\"width\":327,\"height\":57,\"caption\":\"TheHouseSitting\"},\"image\":{\"@id\":\"https:\/\/thehousesitting.com\/de\/#\/schema\/logo\/image\/\"}}]}<\/script>\n<!-- \/ Yoast SEO plugin. -->","yoast_head_json":{"title":"Rechtliche Hinweise | The House Sitting","robots":{"index":"noindex","follow":"follow"},"og_locale":"de_DE","og_type":"article","og_title":"Rechtliche Hinweise | The House Sitting","og_description":"In diesem Impressum finden die Nutzer alle rechtlichen Informationen \u00fcber die Bedingungen, die das Verh\u00e4ltnis zwischen den Nutzern und der f\u00fcr die Website verantwortlichen Stelle definieren, die unter der URL https:\/\/thehousesitting.com (im Folgenden die \u201eWebsite\u201c) erreichbar ist und von DIGITAL EMPRESA LTD f\u00fcr Internetnutzer bereitgestellt wird. Die Nutzung der Website bedeutet die vollst\u00e4ndige und uneingeschr\u00e4nkte&hellip;","og_url":"https:\/\/thehousesitting.com\/de\/rechtliche-hinweise\/","og_site_name":"The House Sitting","article_modified_time":"2025-05-04T07:59:07+00:00","og_image":[{"width":1200,"height":675,"url":"https:\/\/thehousesitting.com\/wp-content\/uploads\/2025\/04\/thehousesitting-google.jpg","type":"image\/jpeg"}],"twitter_card":"summary_large_image","twitter_misc":{"Gesch\u00e4tzte Lesezeit":"2\u00a0Minuten"},"schema":{"@context":"https:\/\/schema.org","@graph":[{"@type":"WebPage","@id":"https:\/\/thehousesitting.com\/de\/rechtliche-hinweise\/","url":"https:\/\/thehousesitting.com\/de\/rechtliche-hinweise\/","name":"Rechtliche Hinweise | The House Sitting","isPartOf":{"@id":"https:\/\/thehousesitting.com\/de\/#website"},"datePublished":"2025-04-24T08:52:51+00:00","dateModified":"2025-05-04T07:59:07+00:00","breadcrumb":{"@id":"https:\/\/thehousesitting.com\/de\/rechtliche-hinweise\/#breadcrumb"},"inLanguage":"de","potentialAction":[{"@type":"ReadAction","target":["https:\/\/thehousesitting.com\/de\/rechtliche-hinweise\/"]}]},{"@type":"BreadcrumbList","@id":"https:\/\/thehousesitting.com\/de\/rechtliche-hinweise\/#breadcrumb","itemListElement":[{"@type":"ListItem","position":1,"name":"Home","item":"https:\/\/thehousesitting.com\/de\/"},{"@type":"ListItem","position":2,"name":"Rechtliche Hinweise"}]},{"@type":"WebSite","@id":"https:\/\/thehousesitting.com\/de\/#website","url":"https:\/\/thehousesitting.com\/de\/","name":"The House Sitting","description":"Trusted Professionals. Full Support. International Coverage.","publisher":{"@id":"https:\/\/thehousesitting.com\/de\/#organization"},"alternateName":"TheHouseSitting","potentialAction":[{"@type":"SearchAction","target":{"@type":"EntryPoint","urlTemplate":"https:\/\/thehousesitting.com\/de\/?s={search_term_string}"},"query-input":{"@type":"PropertyValueSpecification","valueRequired":true,"valueName":"search_term_string"}}],"inLanguage":"de"},{"@type":"Organization","@id":"https:\/\/thehousesitting.com\/de\/#organization","name":"TheHouseSitting","url":"https:\/\/thehousesitting.com\/de\/","logo":{"@type":"ImageObject","inLanguage":"de","@id":"https:\/\/thehousesitting.com\/de\/#\/schema\/logo\/image\/","url":"https:\/\/thehousesitting.com\/wp-content\/uploads\/2025\/04\/thehousesitting-002.png","contentUrl":"https:\/\/thehousesitting.com\/wp-content\/uploads\/2025\/04\/thehousesitting-002.png","width":327,"height":57,"caption":"TheHouseSitting"},"image":{"@id":"https:\/\/thehousesitting.com\/de\/#\/schema\/logo\/image\/"}}]}},"_links":{"self":[{"href":"https:\/\/thehousesitting.com\/de\/wp-json\/wp\/v2\/pages\/585","targetHints":{"allow":["GET"]}}],"collection":[{"href":"https:\/\/thehousesitting.com\/de\/wp-json\/wp\/v2\/pages"}],"about":[{"href":"https:\/\/thehousesitting.com\/de\/wp-json\/wp\/v2\/types\/page"}],"author":[{"embeddable":true,"href":"https:\/\/thehousesitting.com\/de\/wp-json\/wp\/v2\/users\/1"}],"replies":[{"embeddable":true,"href":"https:\/\/thehousesitting.com\/de\/wp-json\/wp\/v2\/comments?post=585"}],"version-history":[{"count":0,"href":"https:\/\/thehousesitting.com\/de\/wp-json\/wp\/v2\/pages\/585\/revisions"}],"wp:attachment":[{"href":"https:\/\/thehousesitting.com\/de\/wp-json\/wp\/v2\/media?parent=585"}],"curies":[{"name":"wp","href":"https:\/\/api.w.org\/{rel}","templated":true}]}}