{"id":587,"date":"2025-04-24T08:52:51","date_gmt":"2025-04-24T08:52:51","guid":{"rendered":"https:\/\/thehousesitting.com\/legal-notice\/"},"modified":"2025-05-04T08:00:36","modified_gmt":"2025-05-04T08:00:36","slug":"aviso-legal","status":"publish","type":"page","link":"https:\/\/thehousesitting.com\/es\/aviso-legal\/","title":{"rendered":"Aviso Legal"},"content":{"rendered":"<p>En este Aviso Legal, el Usuario encontrar\u00e1 toda la informaci\u00f3n relativa a las condiciones legales que definen la relaci\u00f3n entre los usuarios y la entidad responsable del sitio web accesible a trav\u00e9s de la URL <strong>https:\/\/thehousesitting.com<\/strong> (en adelante, el \u201cSitio Web\u201d), que DIGITAL EMPRESA LTD pone a disposici\u00f3n de los usuarios de Internet.<\/p>\n<p>El uso del Sitio Web implica la aceptaci\u00f3n plena y sin reservas de todas y cada una de las disposiciones incluidas en este Aviso Legal. En consecuencia, el usuario del Sitio Web debe leer atentamente este Aviso Legal cada vez que se proponga utilizar el sitio, ya que puede sufrir modificaciones a criterio del titular del sitio o como consecuencia de cambios legislativos, jurisprudenciales o en la pr\u00e1ctica empresarial.<\/p>\n<p><strong>1.- DATOS DE LA ENTIDAD RESPONSABLE<\/strong><\/p>\n<p><strong>Raz\u00f3n social:<\/strong> DIGITAL EMPRESA LTD<br \/>\n    <strong>Direcci\u00f3n:<\/strong> 20-22 Wenlock Road, Londres. N1 7GU. Inglaterra<br \/>\n    <strong>NIF-IVA:<\/strong> 414177022<br \/>\n    <strong>Tel\u00e9fono de contacto:<\/strong> +34 611421801 \/ +44 7532765051<br \/>\n    <strong>Email:<\/strong> info@thehousesitting.com<\/p>\n<p>DIGITAL EMPRESA LTD es responsable del Sitio Web y se compromete a cumplir con toda la normativa del Reino Unido y europea vigente en materia de protecci\u00f3n de datos personales de los usuarios.<\/p>\n<p><strong>2.- FINALIDAD<\/strong><\/p>\n<p>El Sitio Web facilita a los usuarios el acceso a informaci\u00f3n y servicios proporcionados por DIGITAL EMPRESA LTD a personas u organizaciones interesadas.<\/p>\n<p><strong>3.- ACCESO Y USO DEL SITIO WEB<\/strong><\/p>\n<p><strong>3.1.- Acceso y uso gratuitos del sitio.<\/strong> El acceso al sitio es gratuito para los usuarios, salvo el coste de conexi\u00f3n a trav\u00e9s de la red de telecomunicaciones suministrada por el proveedor de acceso del usuario.<\/p>\n<p><strong>3.2.- Registro de usuarios.<\/strong> Con car\u00e1cter general, el acceso y uso del sitio no exige la previa suscripci\u00f3n o registro de los usuarios.<\/p>\n<p><strong>3.3.- Veracidad de los datos del usuario.<\/strong> Los usuarios garantizan y responden de la exactitud, vigencia y autenticidad de los datos personales facilitados.<\/p>\n<p><strong>4.- CONTENIDOS DEL SITIO WEB<\/strong><\/p>\n<p>El idioma principal del sitio es el ingl\u00e9s. DIGITAL EMPRESA LTD podr\u00e1 modificar los contenidos sin previo aviso y sin asumir responsabilidad alguna.<\/p>\n<p><strong>5.- MEDIDAS DE SEGURIDAD<\/strong><\/p>\n<p>Los datos personales proporcionados por los usuarios podr\u00e1n ser almacenados en bases de datos automatizadas o no, de titularidad exclusiva de DIGITAL EMPRESA LTD, asumiendo todas las medidas necesarias para garantizar su seguridad conforme a la normativa vigente.<\/p>\n<p><strong>6.- LIMITACI\u00d3N DE RESPONSABILIDAD<\/strong><\/p>\n<p>El uso del Sitio Web se realiza bajo la exclusiva responsabilidad del usuario. DIGITAL EMPRESA LTD no se responsabiliza de los da\u00f1os y perjuicios derivados del uso indebido del Sitio Web.<\/p>\n<p><strong>7.- USO DE COOKIES<\/strong><\/p>\n<p>El Sitio Web puede utilizar cookies de acuerdo con lo establecido en la Pol\u00edtica de Cookies.<\/p>\n<p><strong>8.- NAVEGACI\u00d3N<\/strong><\/p>\n<p>Los servidores pueden recoger datos no identificables, como direcciones IP, \u00fanicamente con fines estad\u00edsticos y para mejorar la experiencia de navegaci\u00f3n.<\/p>\n<p><strong>9.- PROPIEDAD INTELECTUAL E INDUSTRIAL<\/strong><\/p>\n<p>Todos los contenidos del sitio son propiedad de DIGITAL EMPRESA LTD. Queda prohibida cualquier reproducci\u00f3n no autorizada.<\/p>\n<p><strong>10.- LEGISLACI\u00d3N APLICABLE Y JURISDICCI\u00d3N<\/strong><\/p>\n<p>Este Aviso Legal se interpretar\u00e1 conforme a la legislaci\u00f3n del Reino Unido. En caso de conflicto, ambas partes se someten expresamente a los juzgados y tribunales de Londres, Reino Unido, renunciando a cualquier otra jurisdicci\u00f3n que pudiera corresponderles.<\/p>\n","protected":false},"excerpt":{"rendered":"<p>En este Aviso Legal, el Usuario encontrar\u00e1 toda la informaci\u00f3n relativa a las condiciones legales que definen la relaci\u00f3n entre los usuarios y la entidad responsable del sitio web accesible a trav\u00e9s de la URL https:\/\/thehousesitting.com (en adelante, el \u201cSitio Web\u201d), que DIGITAL EMPRESA LTD pone a disposici\u00f3n de los usuarios de Internet. El uso&hellip;<\/p>\n","protected":false},"author":1,"featured_media":0,"parent":0,"menu_order":0,"comment_status":"closed","ping_status":"closed","template":"","meta":{"_acf_changed":false,"footnotes":""},"class_list":["post-587","page","type-page","status-publish","hentry","description-off"],"acf":[],"yoast_head":"<!-- This site is optimized with the Yoast SEO plugin v26.6 - https:\/\/yoast.com\/wordpress\/plugins\/seo\/ -->\n<title>Aviso Legal | The House Sitting<\/title>\n<meta name=\"robots\" content=\"noindex, follow\" \/>\n<meta property=\"og:locale\" content=\"es_ES\" \/>\n<meta property=\"og:type\" content=\"article\" \/>\n<meta property=\"og:title\" content=\"Aviso Legal | The House Sitting\" \/>\n<meta property=\"og:description\" content=\"En este Aviso Legal, el Usuario encontrar\u00e1 toda la informaci\u00f3n relativa a las condiciones legales que definen la relaci\u00f3n entre los usuarios y la entidad responsable del sitio web accesible a trav\u00e9s de la URL https:\/\/thehousesitting.com (en adelante, el \u201cSitio Web\u201d), que DIGITAL EMPRESA LTD pone a disposici\u00f3n de los usuarios de Internet. El uso&hellip;\" \/>\n<meta property=\"og:url\" content=\"https:\/\/thehousesitting.com\/es\/aviso-legal\/\" \/>\n<meta property=\"og:site_name\" content=\"The House Sitting\" \/>\n<meta property=\"article:modified_time\" content=\"2025-05-04T08:00:36+00:00\" \/>\n<meta property=\"og:image\" content=\"https:\/\/thehousesitting.com\/wp-content\/uploads\/2025\/04\/thehousesitting-google.jpg\" \/>\n\t<meta property=\"og:image:width\" content=\"1200\" \/>\n\t<meta property=\"og:image:height\" content=\"675\" \/>\n\t<meta property=\"og:image:type\" content=\"image\/jpeg\" \/>\n<meta name=\"twitter:card\" content=\"summary_large_image\" \/>\n<meta name=\"twitter:label1\" content=\"Tiempo de lectura\" \/>\n\t<meta name=\"twitter:data1\" content=\"2 minutos\" \/>\n<script type=\"application\/ld+json\" class=\"yoast-schema-graph\">{\"@context\":\"https:\/\/schema.org\",\"@graph\":[{\"@type\":\"WebPage\",\"@id\":\"https:\/\/thehousesitting.com\/es\/aviso-legal\/\",\"url\":\"https:\/\/thehousesitting.com\/es\/aviso-legal\/\",\"name\":\"Aviso Legal | The House Sitting\",\"isPartOf\":{\"@id\":\"https:\/\/thehousesitting.com\/es\/#website\"},\"datePublished\":\"2025-04-24T08:52:51+00:00\",\"dateModified\":\"2025-05-04T08:00:36+00:00\",\"breadcrumb\":{\"@id\":\"https:\/\/thehousesitting.com\/es\/aviso-legal\/#breadcrumb\"},\"inLanguage\":\"es\",\"potentialAction\":[{\"@type\":\"ReadAction\",\"target\":[\"https:\/\/thehousesitting.com\/es\/aviso-legal\/\"]}]},{\"@type\":\"BreadcrumbList\",\"@id\":\"https:\/\/thehousesitting.com\/es\/aviso-legal\/#breadcrumb\",\"itemListElement\":[{\"@type\":\"ListItem\",\"position\":1,\"name\":\"Home\",\"item\":\"https:\/\/thehousesitting.com\/es\/\"},{\"@type\":\"ListItem\",\"position\":2,\"name\":\"Aviso Legal\"}]},{\"@type\":\"WebSite\",\"@id\":\"https:\/\/thehousesitting.com\/es\/#website\",\"url\":\"https:\/\/thehousesitting.com\/es\/\",\"name\":\"The House Sitting\",\"description\":\"Trusted Professionals. Full Support. International Coverage.\",\"publisher\":{\"@id\":\"https:\/\/thehousesitting.com\/es\/#organization\"},\"alternateName\":\"TheHouseSitting\",\"potentialAction\":[{\"@type\":\"SearchAction\",\"target\":{\"@type\":\"EntryPoint\",\"urlTemplate\":\"https:\/\/thehousesitting.com\/es\/?s={search_term_string}\"},\"query-input\":{\"@type\":\"PropertyValueSpecification\",\"valueRequired\":true,\"valueName\":\"search_term_string\"}}],\"inLanguage\":\"es\"},{\"@type\":\"Organization\",\"@id\":\"https:\/\/thehousesitting.com\/es\/#organization\",\"name\":\"TheHouseSitting\",\"url\":\"https:\/\/thehousesitting.com\/es\/\",\"logo\":{\"@type\":\"ImageObject\",\"inLanguage\":\"es\",\"@id\":\"https:\/\/thehousesitting.com\/es\/#\/schema\/logo\/image\/\",\"url\":\"https:\/\/thehousesitting.com\/wp-content\/uploads\/2025\/04\/thehousesitting-002.png\",\"contentUrl\":\"https:\/\/thehousesitting.com\/wp-content\/uploads\/2025\/04\/thehousesitting-002.png\",\"width\":327,\"height\":57,\"caption\":\"TheHouseSitting\"},\"image\":{\"@id\":\"https:\/\/thehousesitting.com\/es\/#\/schema\/logo\/image\/\"}}]}<\/script>\n<!-- \/ Yoast SEO plugin. -->","yoast_head_json":{"title":"Aviso Legal | The House Sitting","robots":{"index":"noindex","follow":"follow"},"og_locale":"es_ES","og_type":"article","og_title":"Aviso Legal | The House Sitting","og_description":"En este Aviso Legal, el Usuario encontrar\u00e1 toda la informaci\u00f3n relativa a las condiciones legales que definen la relaci\u00f3n entre los usuarios y la entidad responsable del sitio web accesible a trav\u00e9s de la URL https:\/\/thehousesitting.com (en adelante, el \u201cSitio Web\u201d), que DIGITAL EMPRESA LTD pone a disposici\u00f3n de los usuarios de Internet. El uso&hellip;","og_url":"https:\/\/thehousesitting.com\/es\/aviso-legal\/","og_site_name":"The House Sitting","article_modified_time":"2025-05-04T08:00:36+00:00","og_image":[{"width":1200,"height":675,"url":"https:\/\/thehousesitting.com\/wp-content\/uploads\/2025\/04\/thehousesitting-google.jpg","type":"image\/jpeg"}],"twitter_card":"summary_large_image","twitter_misc":{"Tiempo de lectura":"2 minutos"},"schema":{"@context":"https:\/\/schema.org","@graph":[{"@type":"WebPage","@id":"https:\/\/thehousesitting.com\/es\/aviso-legal\/","url":"https:\/\/thehousesitting.com\/es\/aviso-legal\/","name":"Aviso Legal | The House Sitting","isPartOf":{"@id":"https:\/\/thehousesitting.com\/es\/#website"},"datePublished":"2025-04-24T08:52:51+00:00","dateModified":"2025-05-04T08:00:36+00:00","breadcrumb":{"@id":"https:\/\/thehousesitting.com\/es\/aviso-legal\/#breadcrumb"},"inLanguage":"es","potentialAction":[{"@type":"ReadAction","target":["https:\/\/thehousesitting.com\/es\/aviso-legal\/"]}]},{"@type":"BreadcrumbList","@id":"https:\/\/thehousesitting.com\/es\/aviso-legal\/#breadcrumb","itemListElement":[{"@type":"ListItem","position":1,"name":"Home","item":"https:\/\/thehousesitting.com\/es\/"},{"@type":"ListItem","position":2,"name":"Aviso Legal"}]},{"@type":"WebSite","@id":"https:\/\/thehousesitting.com\/es\/#website","url":"https:\/\/thehousesitting.com\/es\/","name":"The House Sitting","description":"Trusted Professionals. Full Support. International Coverage.","publisher":{"@id":"https:\/\/thehousesitting.com\/es\/#organization"},"alternateName":"TheHouseSitting","potentialAction":[{"@type":"SearchAction","target":{"@type":"EntryPoint","urlTemplate":"https:\/\/thehousesitting.com\/es\/?s={search_term_string}"},"query-input":{"@type":"PropertyValueSpecification","valueRequired":true,"valueName":"search_term_string"}}],"inLanguage":"es"},{"@type":"Organization","@id":"https:\/\/thehousesitting.com\/es\/#organization","name":"TheHouseSitting","url":"https:\/\/thehousesitting.com\/es\/","logo":{"@type":"ImageObject","inLanguage":"es","@id":"https:\/\/thehousesitting.com\/es\/#\/schema\/logo\/image\/","url":"https:\/\/thehousesitting.com\/wp-content\/uploads\/2025\/04\/thehousesitting-002.png","contentUrl":"https:\/\/thehousesitting.com\/wp-content\/uploads\/2025\/04\/thehousesitting-002.png","width":327,"height":57,"caption":"TheHouseSitting"},"image":{"@id":"https:\/\/thehousesitting.com\/es\/#\/schema\/logo\/image\/"}}]}},"_links":{"self":[{"href":"https:\/\/thehousesitting.com\/es\/wp-json\/wp\/v2\/pages\/587","targetHints":{"allow":["GET"]}}],"collection":[{"href":"https:\/\/thehousesitting.com\/es\/wp-json\/wp\/v2\/pages"}],"about":[{"href":"https:\/\/thehousesitting.com\/es\/wp-json\/wp\/v2\/types\/page"}],"author":[{"embeddable":true,"href":"https:\/\/thehousesitting.com\/es\/wp-json\/wp\/v2\/users\/1"}],"replies":[{"embeddable":true,"href":"https:\/\/thehousesitting.com\/es\/wp-json\/wp\/v2\/comments?post=587"}],"version-history":[{"count":0,"href":"https:\/\/thehousesitting.com\/es\/wp-json\/wp\/v2\/pages\/587\/revisions"}],"wp:attachment":[{"href":"https:\/\/thehousesitting.com\/es\/wp-json\/wp\/v2\/media?parent=587"}],"curies":[{"name":"wp","href":"https:\/\/api.w.org\/{rel}","templated":true}]}}