{"id":541,"date":"2025-04-24T08:55:26","date_gmt":"2025-04-24T08:55:26","guid":{"rendered":"https:\/\/thehousesitting.com\/privacy-policy\/"},"modified":"2025-05-04T08:29:36","modified_gmt":"2025-05-04T08:29:36","slug":"politique-de-confidentialite","status":"publish","type":"page","link":"https:\/\/thehousesitting.com\/fr\/politique-de-confidentialite\/","title":{"rendered":"Politique de Confidentialit\u00e9"},"content":{"rendered":"<p>Conform\u00e9ment au <strong>RGPD britannique (R\u00e8glement g\u00e9n\u00e9ral sur la protection des donn\u00e9es du Royaume-Uni)<\/strong> et aux <strong>R\u00e9glementations sur la confidentialit\u00e9 et les communications \u00e9lectroniques (PECR)<\/strong>, The House Sitting garantit la protection et la confidentialit\u00e9 des donn\u00e9es personnelles fournies par nos clients, conform\u00e9ment aux r\u00e9glementations en vigueur au Royaume-Uni.<\/p>\n<p>Les donn\u00e9es fournies seront trait\u00e9es conform\u00e9ment aux r\u00e9glementations applicables. The House Sitting a mis en place toutes les mesures de s\u00e9curit\u00e9 n\u00e9cessaires pour pr\u00e9venir la perte, l&rsquo;utilisation abusive, l&rsquo;alt\u00e9ration ou l&rsquo;acc\u00e8s non autoris\u00e9 par des tiers. Cependant, les utilisateurs doivent \u00eatre conscients que les mesures de s\u00e9curit\u00e9 sur Internet ne sont pas infaillibles.<\/p>\n<p><strong>Responsable du traitement des donn\u00e9es<\/strong><\/p>\n<p><strong>Nom de l&rsquo;entreprise :<\/strong> DIGITAL EMPRESA LTD<br \/>\n<strong>Num\u00e9ro de TVA :<\/strong> 414177022<br \/>\n<strong>Adresse :<\/strong> 20-22 Wenlock Road, London. N1 7GU. England<br \/>\n<strong>Num\u00e9ros de t\u00e9l\u00e9phone :<\/strong> +34 611421801 \/ +44 7532765051<br \/>\n<strong>Courriel :<\/strong> info@thehousesitting.com<\/p>\n<p><strong>Finalit\u00e9 du traitement des donn\u00e9es<\/strong><\/p>\n<p>Les donn\u00e9es fournies par nos clients et visiteurs seront incluses dans les registres de traitement des donn\u00e9es personnelles tenus sous la responsabilit\u00e9 de The House Sitting. Le traitement des donn\u00e9es est n\u00e9cessaire pour fournir les services demand\u00e9s, g\u00e9rer les demandes et am\u00e9liorer l&rsquo;exp\u00e9rience utilisateur. Aucun profilage automatis\u00e9 des utilisateurs ne sera effectu\u00e9.<\/p>\n<p><strong>Base juridique du traitement<\/strong><\/p>\n<ol type=\"a\">\n<li><strong>Relation contractuelle :<\/strong> Applicable lors de l&rsquo;achat d&rsquo;un produit ou d&rsquo;un service.<\/li>\n<li><strong>Int\u00e9r\u00eat l\u00e9gitime :<\/strong> Pour g\u00e9rer les demandes, les r\u00e9clamations et les paiements en attente.<\/li>\n<li><strong>Consentement :<\/strong> En nous contactant via des formulaires, les utilisateurs nous autorisent \u00e0 r\u00e9pondre \u00e0 leurs demandes.<\/li>\n<\/ol>\n<p><strong>Destinataires<\/strong><\/p>\n<p>Nous ne partageons pas de donn\u00e9es personnelles avec des tiers, sauf lorsque la loi l&rsquo;exige (par exemple, obligations fiscales). Si le partage de donn\u00e9es avec d&rsquo;autres entit\u00e9s devient n\u00e9cessaire, nous obtiendrons au pr\u00e9alable le consentement explicite de l&rsquo;utilisateur.<\/p>\n<p><strong>Transferts internationaux<\/strong><\/p>\n<p>Nous n&rsquo;effectuons pas de transferts internationaux de donn\u00e9es personnelles.<\/p>\n<p><strong>Conservation des donn\u00e9es<\/strong><\/p>\n<p>Les donn\u00e9es personnelles seront conserv\u00e9es aussi longtemps que n\u00e9cessaire aux fins d\u00e9crites. Une fois la relation avec l&rsquo;utilisateur termin\u00e9e, les donn\u00e9es seront verrouill\u00e9es de mani\u00e8re s\u00e9curis\u00e9e pendant la p\u00e9riode requise pour satisfaire aux obligations l\u00e9gales ou administratives. Apr\u00e8s cette p\u00e9riode, les donn\u00e9es seront supprim\u00e9es de mani\u00e8re s\u00e9curis\u00e9e.<\/p>\n<p><strong>Mesures de s\u00e9curit\u00e9<\/strong><\/p>\n<p>The House Sitting applique des mesures techniques et organisationnelles pour assurer la s\u00e9curit\u00e9 des donn\u00e9es personnelles. Cependant, nous ne sommes pas responsables de l&rsquo;utilisation n\u00e9gligente des identifiants d&rsquo;acc\u00e8s par les utilisateurs.<\/p>\n<p><strong>Droits de l&rsquo;utilisateur<\/strong><\/p>\n<p>Les utilisateurs ont le droit de :<\/p>\n<ol type=\"a\">\n<li>Acc\u00e9der \u00e0 leurs donn\u00e9es personnelles.<\/li>\n<li>Demander la rectification des donn\u00e9es inexactes.<\/li>\n<li>Demander la suppression de leurs donn\u00e9es lorsqu&rsquo;elles ne sont plus n\u00e9cessaires.<\/li>\n<li>Restreindre le traitement dans certaines conditions.<\/li>\n<li>S&rsquo;opposer au traitement fond\u00e9 sur un int\u00e9r\u00eat l\u00e9gitime.<\/li>\n<li>Demander la portabilit\u00e9 de leurs donn\u00e9es vers un autre fournisseur.<\/li>\n<li>Retirer leur consentement \u00e0 tout moment.<\/li>\n<\/ol>\n<p>Pour exercer ces droits, les utilisateurs peuvent nous contacter \u00e0 l&rsquo;adresse ou \u00e0 l&rsquo;adresse \u00e9lectronique fournies info@thehousesitting.com, en incluant une copie de leur pi\u00e8ce d&rsquo;identit\u00e9.<\/p>\n<p><strong>R\u00e9clamations<\/strong><\/p>\n<p>Si les utilisateurs estiment que leurs droits n&rsquo;ont pas \u00e9t\u00e9 respect\u00e9s, ils peuvent d\u00e9poser une r\u00e9clamation aupr\u00e8s de l&rsquo;<strong>Information Commissioner&rsquo;s Office (ICO)<\/strong> au Royaume-Uni :<\/p>\n<ul>\n<li>Soumission \u00e9lectronique : <a href=\"https:\/\/ico.org.uk\" rel=\"nofollow\">https:\/\/ico.org.uk<\/a><\/li>\n<li>T\u00e9l\u00e9phone : +44 303 123 1113<\/li>\n<\/ul>\n<p><strong>Mises \u00e0 jour<\/strong><\/p>\n<p>The House Sitting se r\u00e9serve le droit de modifier cette politique afin de se conformer aux changements l\u00e9gislatifs ou r\u00e9glementaires. Nous vous recommandons de la consulter p\u00e9riodiquement.<\/p>\n","protected":false},"excerpt":{"rendered":"<p>Conform\u00e9ment au RGPD britannique (R\u00e8glement g\u00e9n\u00e9ral sur la protection des donn\u00e9es du Royaume-Uni) et aux R\u00e9glementations sur la confidentialit\u00e9 et les communications \u00e9lectroniques (PECR), The House Sitting garantit la protection et la confidentialit\u00e9 des donn\u00e9es personnelles fournies par nos clients, conform\u00e9ment aux r\u00e9glementations en vigueur au Royaume-Uni. Les donn\u00e9es fournies seront trait\u00e9es conform\u00e9ment aux r\u00e9glementations&hellip;<\/p>\n","protected":false},"author":1,"featured_media":0,"parent":0,"menu_order":0,"comment_status":"closed","ping_status":"closed","template":"","meta":{"_acf_changed":false,"footnotes":""},"class_list":["post-541","page","type-page","status-publish","hentry","description-off"],"acf":[],"yoast_head":"<!-- This site is optimized with the Yoast SEO plugin v26.6 - https:\/\/yoast.com\/wordpress\/plugins\/seo\/ -->\n<title>Politique de Confidentialit\u00e9 | The House Sitting<\/title>\n<meta name=\"robots\" content=\"noindex, follow\" \/>\n<meta property=\"og:locale\" content=\"fr_FR\" \/>\n<meta property=\"og:type\" content=\"article\" \/>\n<meta property=\"og:title\" content=\"Politique de Confidentialit\u00e9 | The House Sitting\" \/>\n<meta property=\"og:description\" content=\"Conform\u00e9ment au RGPD britannique (R\u00e8glement g\u00e9n\u00e9ral sur la protection des donn\u00e9es du Royaume-Uni) et aux R\u00e9glementations sur la confidentialit\u00e9 et les communications \u00e9lectroniques (PECR), The House Sitting garantit la protection et la confidentialit\u00e9 des donn\u00e9es personnelles fournies par nos clients, conform\u00e9ment aux r\u00e9glementations en vigueur au Royaume-Uni. Les donn\u00e9es fournies seront trait\u00e9es conform\u00e9ment aux r\u00e9glementations&hellip;\" \/>\n<meta property=\"og:url\" content=\"https:\/\/thehousesitting.com\/fr\/politique-de-confidentialite\/\" \/>\n<meta property=\"og:site_name\" content=\"The House Sitting\" \/>\n<meta property=\"article:modified_time\" content=\"2025-05-04T08:29:36+00:00\" \/>\n<meta property=\"og:image\" content=\"https:\/\/thehousesitting.com\/wp-content\/uploads\/2025\/04\/thehousesitting-google.jpg\" \/>\n\t<meta property=\"og:image:width\" content=\"1200\" \/>\n\t<meta property=\"og:image:height\" content=\"675\" \/>\n\t<meta property=\"og:image:type\" content=\"image\/jpeg\" \/>\n<meta name=\"twitter:card\" content=\"summary_large_image\" \/>\n<meta name=\"twitter:label1\" content=\"Dur\u00e9e de lecture estim\u00e9e\" \/>\n\t<meta name=\"twitter:data1\" content=\"3 minutes\" \/>\n<script type=\"application\/ld+json\" class=\"yoast-schema-graph\">{\"@context\":\"https:\/\/schema.org\",\"@graph\":[{\"@type\":\"WebPage\",\"@id\":\"https:\/\/thehousesitting.com\/fr\/politique-de-confidentialite\/\",\"url\":\"https:\/\/thehousesitting.com\/fr\/politique-de-confidentialite\/\",\"name\":\"Politique de Confidentialit\u00e9 | The House Sitting\",\"isPartOf\":{\"@id\":\"https:\/\/thehousesitting.com\/fr\/#website\"},\"datePublished\":\"2025-04-24T08:55:26+00:00\",\"dateModified\":\"2025-05-04T08:29:36+00:00\",\"breadcrumb\":{\"@id\":\"https:\/\/thehousesitting.com\/fr\/politique-de-confidentialite\/#breadcrumb\"},\"inLanguage\":\"fr-FR\",\"potentialAction\":[{\"@type\":\"ReadAction\",\"target\":[\"https:\/\/thehousesitting.com\/fr\/politique-de-confidentialite\/\"]}]},{\"@type\":\"BreadcrumbList\",\"@id\":\"https:\/\/thehousesitting.com\/fr\/politique-de-confidentialite\/#breadcrumb\",\"itemListElement\":[{\"@type\":\"ListItem\",\"position\":1,\"name\":\"Home\",\"item\":\"https:\/\/thehousesitting.com\/fr\/\"},{\"@type\":\"ListItem\",\"position\":2,\"name\":\"Politique de Confidentialit\u00e9\"}]},{\"@type\":\"WebSite\",\"@id\":\"https:\/\/thehousesitting.com\/fr\/#website\",\"url\":\"https:\/\/thehousesitting.com\/fr\/\",\"name\":\"The House Sitting\",\"description\":\"Trusted Professionals. Full Support. International Coverage.\",\"publisher\":{\"@id\":\"https:\/\/thehousesitting.com\/fr\/#organization\"},\"alternateName\":\"TheHouseSitting\",\"potentialAction\":[{\"@type\":\"SearchAction\",\"target\":{\"@type\":\"EntryPoint\",\"urlTemplate\":\"https:\/\/thehousesitting.com\/fr\/?s={search_term_string}\"},\"query-input\":{\"@type\":\"PropertyValueSpecification\",\"valueRequired\":true,\"valueName\":\"search_term_string\"}}],\"inLanguage\":\"fr-FR\"},{\"@type\":\"Organization\",\"@id\":\"https:\/\/thehousesitting.com\/fr\/#organization\",\"name\":\"TheHouseSitting\",\"url\":\"https:\/\/thehousesitting.com\/fr\/\",\"logo\":{\"@type\":\"ImageObject\",\"inLanguage\":\"fr-FR\",\"@id\":\"https:\/\/thehousesitting.com\/fr\/#\/schema\/logo\/image\/\",\"url\":\"https:\/\/thehousesitting.com\/wp-content\/uploads\/2025\/04\/thehousesitting-002.png\",\"contentUrl\":\"https:\/\/thehousesitting.com\/wp-content\/uploads\/2025\/04\/thehousesitting-002.png\",\"width\":327,\"height\":57,\"caption\":\"TheHouseSitting\"},\"image\":{\"@id\":\"https:\/\/thehousesitting.com\/fr\/#\/schema\/logo\/image\/\"}}]}<\/script>\n<!-- \/ Yoast SEO plugin. -->","yoast_head_json":{"title":"Politique de Confidentialit\u00e9 | The House Sitting","robots":{"index":"noindex","follow":"follow"},"og_locale":"fr_FR","og_type":"article","og_title":"Politique de Confidentialit\u00e9 | The House Sitting","og_description":"Conform\u00e9ment au RGPD britannique (R\u00e8glement g\u00e9n\u00e9ral sur la protection des donn\u00e9es du Royaume-Uni) et aux R\u00e9glementations sur la confidentialit\u00e9 et les communications \u00e9lectroniques (PECR), The House Sitting garantit la protection et la confidentialit\u00e9 des donn\u00e9es personnelles fournies par nos clients, conform\u00e9ment aux r\u00e9glementations en vigueur au Royaume-Uni. Les donn\u00e9es fournies seront trait\u00e9es conform\u00e9ment aux r\u00e9glementations&hellip;","og_url":"https:\/\/thehousesitting.com\/fr\/politique-de-confidentialite\/","og_site_name":"The House Sitting","article_modified_time":"2025-05-04T08:29:36+00:00","og_image":[{"width":1200,"height":675,"url":"https:\/\/thehousesitting.com\/wp-content\/uploads\/2025\/04\/thehousesitting-google.jpg","type":"image\/jpeg"}],"twitter_card":"summary_large_image","twitter_misc":{"Dur\u00e9e de lecture estim\u00e9e":"3 minutes"},"schema":{"@context":"https:\/\/schema.org","@graph":[{"@type":"WebPage","@id":"https:\/\/thehousesitting.com\/fr\/politique-de-confidentialite\/","url":"https:\/\/thehousesitting.com\/fr\/politique-de-confidentialite\/","name":"Politique de Confidentialit\u00e9 | The House Sitting","isPartOf":{"@id":"https:\/\/thehousesitting.com\/fr\/#website"},"datePublished":"2025-04-24T08:55:26+00:00","dateModified":"2025-05-04T08:29:36+00:00","breadcrumb":{"@id":"https:\/\/thehousesitting.com\/fr\/politique-de-confidentialite\/#breadcrumb"},"inLanguage":"fr-FR","potentialAction":[{"@type":"ReadAction","target":["https:\/\/thehousesitting.com\/fr\/politique-de-confidentialite\/"]}]},{"@type":"BreadcrumbList","@id":"https:\/\/thehousesitting.com\/fr\/politique-de-confidentialite\/#breadcrumb","itemListElement":[{"@type":"ListItem","position":1,"name":"Home","item":"https:\/\/thehousesitting.com\/fr\/"},{"@type":"ListItem","position":2,"name":"Politique de Confidentialit\u00e9"}]},{"@type":"WebSite","@id":"https:\/\/thehousesitting.com\/fr\/#website","url":"https:\/\/thehousesitting.com\/fr\/","name":"The House Sitting","description":"Trusted Professionals. Full Support. International Coverage.","publisher":{"@id":"https:\/\/thehousesitting.com\/fr\/#organization"},"alternateName":"TheHouseSitting","potentialAction":[{"@type":"SearchAction","target":{"@type":"EntryPoint","urlTemplate":"https:\/\/thehousesitting.com\/fr\/?s={search_term_string}"},"query-input":{"@type":"PropertyValueSpecification","valueRequired":true,"valueName":"search_term_string"}}],"inLanguage":"fr-FR"},{"@type":"Organization","@id":"https:\/\/thehousesitting.com\/fr\/#organization","name":"TheHouseSitting","url":"https:\/\/thehousesitting.com\/fr\/","logo":{"@type":"ImageObject","inLanguage":"fr-FR","@id":"https:\/\/thehousesitting.com\/fr\/#\/schema\/logo\/image\/","url":"https:\/\/thehousesitting.com\/wp-content\/uploads\/2025\/04\/thehousesitting-002.png","contentUrl":"https:\/\/thehousesitting.com\/wp-content\/uploads\/2025\/04\/thehousesitting-002.png","width":327,"height":57,"caption":"TheHouseSitting"},"image":{"@id":"https:\/\/thehousesitting.com\/fr\/#\/schema\/logo\/image\/"}}]}},"_links":{"self":[{"href":"https:\/\/thehousesitting.com\/fr\/wp-json\/wp\/v2\/pages\/541","targetHints":{"allow":["GET"]}}],"collection":[{"href":"https:\/\/thehousesitting.com\/fr\/wp-json\/wp\/v2\/pages"}],"about":[{"href":"https:\/\/thehousesitting.com\/fr\/wp-json\/wp\/v2\/types\/page"}],"author":[{"embeddable":true,"href":"https:\/\/thehousesitting.com\/fr\/wp-json\/wp\/v2\/users\/1"}],"replies":[{"embeddable":true,"href":"https:\/\/thehousesitting.com\/fr\/wp-json\/wp\/v2\/comments?post=541"}],"version-history":[{"count":0,"href":"https:\/\/thehousesitting.com\/fr\/wp-json\/wp\/v2\/pages\/541\/revisions"}],"wp:attachment":[{"href":"https:\/\/thehousesitting.com\/fr\/wp-json\/wp\/v2\/media?parent=541"}],"curies":[{"name":"wp","href":"https:\/\/api.w.org\/{rel}","templated":true}]}}