{"id":584,"date":"2025-04-24T08:52:51","date_gmt":"2025-04-24T08:52:51","guid":{"rendered":"https:\/\/thehousesitting.com\/legal-notice\/"},"modified":"2025-05-04T07:55:34","modified_gmt":"2025-05-04T07:55:34","slug":"avviso-legale","status":"publish","type":"page","link":"https:\/\/thehousesitting.com\/fr\/avviso-legale\/","title":{"rendered":"Avviso legale"},"content":{"rendered":"<p>Dans cette mention l\u00e9gale, l\u2019utilisateur trouvera toutes les informations concernant les conditions juridiques qui d\u00e9finissent la relation entre les utilisateurs et l\u2019entit\u00e9 responsable du site web accessible \u00e0 l\u2019URL <strong>https:\/\/thehousesitting.com<\/strong> (ci-apr\u00e8s, le \u00ab Site Web \u00bb), mis \u00e0 disposition des internautes par DIGITAL EMPRESA LTD.<\/p>\n<p>L\u2019utilisation du Site Web implique l\u2019acceptation pleine et enti\u00e8re de chacune des dispositions incluses dans cette mention l\u00e9gale. Par cons\u00e9quent, l\u2019utilisateur du Site Web doit lire attentivement cette mention l\u00e9gale \u00e0 chaque fois qu\u2019il souhaite utiliser le site, car elle peut \u00eatre modifi\u00e9e \u00e0 la discr\u00e9tion du propri\u00e9taire du site ou en raison de changements l\u00e9gislatifs, jurisprudentiels ou de pratiques commerciales.<\/p>\n<p><strong>1.- INFORMATIONS SUR L\u2019ENTIT\u00c9 RESPONSABLE<\/strong><\/p>\n<p><strong>Raison sociale :<\/strong> DIGITAL EMPRESA LTD<br \/>\n    <strong>Adresse :<\/strong> 20-22 Wenlock Road, Londres. N1 7GU. Angleterre<br \/>\n    <strong>TVA :<\/strong> 414177022<br \/>\n    <strong>T\u00e9l\u00e9phone :<\/strong> +34 611421801 \/ +44 7532765051<br \/>\n    <strong>Email :<\/strong> info@thehousesitting.com<\/p>\n<p>DIGITAL EMPRESA LTD est responsable du Site Web et s\u2019engage \u00e0 respecter toutes les r\u00e9glementations britanniques et europ\u00e9ennes relatives \u00e0 l\u2019utilisation des donn\u00e9es personnelles des utilisateurs.<\/p>\n<p><strong>2.- OBJET<\/strong><\/p>\n<p>Le Site Web permet aux utilisateurs d\u2019acc\u00e9der aux informations et services propos\u00e9s par DIGITAL EMPRESA LTD aux personnes ou organisations int\u00e9ress\u00e9es.<\/p>\n<p><strong>3.- ACC\u00c8S ET UTILISATION DU SITE WEB<\/strong><\/p>\n<p><strong>3.1.- Acc\u00e8s et utilisation gratuits du site web.<\/strong> L\u2019acc\u00e8s au site est gratuit pour les utilisateurs, \u00e0 l\u2019exception des frais de connexion au r\u00e9seau de t\u00e9l\u00e9communications fournis par le fournisseur d\u2019acc\u00e8s de l\u2019utilisateur.<\/p>\n<p><strong>3.2.- Enregistrement de l\u2019utilisateur.<\/strong> En g\u00e9n\u00e9ral, l\u2019acc\u00e8s et l\u2019utilisation du site ne n\u00e9cessitent ni abonnement ni enregistrement pr\u00e9alable de la part des utilisateurs.<\/p>\n<p><strong>3.3.- Exactitude des donn\u00e9es utilisateur.<\/strong> Les utilisateurs garantissent et sont responsables de l\u2019exactitude, de la validit\u00e9 et de l\u2019authenticit\u00e9 des donn\u00e9es personnelles fournies.<\/p>\n<p><strong>4.- CONTENU DU SITE WEB<\/strong><\/p>\n<p>La langue principale du site est l\u2019anglais. DIGITAL EMPRESA LTD peut modifier le contenu sans pr\u00e9avis et sans assumer de responsabilit\u00e9.<\/p>\n<p><strong>5.- MESURES DE S\u00c9CURIT\u00c9<\/strong><\/p>\n<p>Les donn\u00e9es personnelles fournies par les utilisateurs peuvent \u00eatre stock\u00e9es dans des bases de donn\u00e9es automatis\u00e9es ou non, appartenant exclusivement \u00e0 DIGITAL EMPRESA LTD, garantissant leur protection conform\u00e9ment aux r\u00e9glementations en vigueur.<\/p>\n<p><strong>6.- LIMITATION DE RESPONSABILIT\u00c9<\/strong><\/p>\n<p>L\u2019utilisation du Site Web rel\u00e8ve de la seule responsabilit\u00e9 de l\u2019utilisateur. DIGITAL EMPRESA LTD d\u00e9cline toute responsabilit\u00e9 pour les dommages r\u00e9sultant d\u2019une mauvaise utilisation du Site Web.<\/p>\n<p><strong>7.- UTILISATION DES COOKIES<\/strong><\/p>\n<p>Le Site Web peut utiliser des cookies conform\u00e9ment aux dispositions de la Politique relative aux cookies.<\/p>\n<p><strong>8.- NAVIGATION<\/strong><\/p>\n<p>Les serveurs peuvent collecter des donn\u00e9es non identifiables, telles que des adresses IP, uniquement \u00e0 des fins statistiques et d\u2019am\u00e9lioration de la navigation.<\/p>\n<p><strong>9.- PROPRI\u00c9T\u00c9 INTELLECTUELLE ET INDUSTRIELLE<\/strong><\/p>\n<p>Tout le contenu du site est la propri\u00e9t\u00e9 de DIGITAL EMPRESA LTD. Toute reproduction non autoris\u00e9e est interdite.<\/p>\n<p><strong>10.- LOI APPLICABLE ET JURIDICTION<\/strong><\/p>\n<p>La pr\u00e9sente mention l\u00e9gale est interpr\u00e9t\u00e9e et r\u00e9gie par le droit britannique. En cas de litige, les deux parties se soumettent aux tribunaux de Londres, Royaume-Uni, renon\u00e7ant express\u00e9ment \u00e0 toute autre juridiction qui pourrait s\u2019appliquer.<\/p>\n","protected":false},"excerpt":{"rendered":"<p>Dans cette mention l\u00e9gale, l\u2019utilisateur trouvera toutes les informations concernant les conditions juridiques qui d\u00e9finissent la relation entre les utilisateurs et l\u2019entit\u00e9 responsable du site web accessible \u00e0 l\u2019URL https:\/\/thehousesitting.com (ci-apr\u00e8s, le \u00ab Site Web \u00bb), mis \u00e0 disposition des internautes par DIGITAL EMPRESA LTD. L\u2019utilisation du Site Web implique l\u2019acceptation pleine et enti\u00e8re de&hellip;<\/p>\n","protected":false},"author":1,"featured_media":0,"parent":0,"menu_order":0,"comment_status":"closed","ping_status":"closed","template":"","meta":{"_acf_changed":false,"footnotes":""},"class_list":["post-584","page","type-page","status-publish","hentry","description-off"],"acf":[],"yoast_head":"<!-- This site is optimized with the Yoast SEO plugin v26.6 - https:\/\/yoast.com\/wordpress\/plugins\/seo\/ -->\n<title>Avviso legale | The House Sitting<\/title>\n<meta name=\"robots\" content=\"noindex, follow\" \/>\n<meta property=\"og:locale\" content=\"fr_FR\" \/>\n<meta property=\"og:type\" content=\"article\" \/>\n<meta property=\"og:title\" content=\"Avviso legale | The House Sitting\" \/>\n<meta property=\"og:description\" content=\"Dans cette mention l\u00e9gale, l\u2019utilisateur trouvera toutes les informations concernant les conditions juridiques qui d\u00e9finissent la relation entre les utilisateurs et l\u2019entit\u00e9 responsable du site web accessible \u00e0 l\u2019URL https:\/\/thehousesitting.com (ci-apr\u00e8s, le \u00ab Site Web \u00bb), mis \u00e0 disposition des internautes par DIGITAL EMPRESA LTD. L\u2019utilisation du Site Web implique l\u2019acceptation pleine et enti\u00e8re de&hellip;\" \/>\n<meta property=\"og:url\" content=\"https:\/\/thehousesitting.com\/fr\/avviso-legale\/\" \/>\n<meta property=\"og:site_name\" content=\"The House Sitting\" \/>\n<meta property=\"article:modified_time\" content=\"2025-05-04T07:55:34+00:00\" \/>\n<meta property=\"og:image\" content=\"https:\/\/thehousesitting.com\/wp-content\/uploads\/2025\/04\/thehousesitting-google.jpg\" \/>\n\t<meta property=\"og:image:width\" content=\"1200\" \/>\n\t<meta property=\"og:image:height\" content=\"675\" \/>\n\t<meta property=\"og:image:type\" content=\"image\/jpeg\" \/>\n<meta name=\"twitter:card\" content=\"summary_large_image\" \/>\n<meta name=\"twitter:label1\" content=\"Dur\u00e9e de lecture estim\u00e9e\" \/>\n\t<meta name=\"twitter:data1\" content=\"2 minutes\" \/>\n<script type=\"application\/ld+json\" class=\"yoast-schema-graph\">{\"@context\":\"https:\/\/schema.org\",\"@graph\":[{\"@type\":\"WebPage\",\"@id\":\"https:\/\/thehousesitting.com\/fr\/avviso-legale\/\",\"url\":\"https:\/\/thehousesitting.com\/fr\/avviso-legale\/\",\"name\":\"Avviso legale | The House Sitting\",\"isPartOf\":{\"@id\":\"https:\/\/thehousesitting.com\/fr\/#website\"},\"datePublished\":\"2025-04-24T08:52:51+00:00\",\"dateModified\":\"2025-05-04T07:55:34+00:00\",\"breadcrumb\":{\"@id\":\"https:\/\/thehousesitting.com\/fr\/avviso-legale\/#breadcrumb\"},\"inLanguage\":\"fr-FR\",\"potentialAction\":[{\"@type\":\"ReadAction\",\"target\":[\"https:\/\/thehousesitting.com\/fr\/avviso-legale\/\"]}]},{\"@type\":\"BreadcrumbList\",\"@id\":\"https:\/\/thehousesitting.com\/fr\/avviso-legale\/#breadcrumb\",\"itemListElement\":[{\"@type\":\"ListItem\",\"position\":1,\"name\":\"Home\",\"item\":\"https:\/\/thehousesitting.com\/fr\/\"},{\"@type\":\"ListItem\",\"position\":2,\"name\":\"Avviso legale\"}]},{\"@type\":\"WebSite\",\"@id\":\"https:\/\/thehousesitting.com\/fr\/#website\",\"url\":\"https:\/\/thehousesitting.com\/fr\/\",\"name\":\"The House Sitting\",\"description\":\"Trusted Professionals. Full Support. International Coverage.\",\"publisher\":{\"@id\":\"https:\/\/thehousesitting.com\/fr\/#organization\"},\"alternateName\":\"TheHouseSitting\",\"potentialAction\":[{\"@type\":\"SearchAction\",\"target\":{\"@type\":\"EntryPoint\",\"urlTemplate\":\"https:\/\/thehousesitting.com\/fr\/?s={search_term_string}\"},\"query-input\":{\"@type\":\"PropertyValueSpecification\",\"valueRequired\":true,\"valueName\":\"search_term_string\"}}],\"inLanguage\":\"fr-FR\"},{\"@type\":\"Organization\",\"@id\":\"https:\/\/thehousesitting.com\/fr\/#organization\",\"name\":\"TheHouseSitting\",\"url\":\"https:\/\/thehousesitting.com\/fr\/\",\"logo\":{\"@type\":\"ImageObject\",\"inLanguage\":\"fr-FR\",\"@id\":\"https:\/\/thehousesitting.com\/fr\/#\/schema\/logo\/image\/\",\"url\":\"https:\/\/thehousesitting.com\/wp-content\/uploads\/2025\/04\/thehousesitting-002.png\",\"contentUrl\":\"https:\/\/thehousesitting.com\/wp-content\/uploads\/2025\/04\/thehousesitting-002.png\",\"width\":327,\"height\":57,\"caption\":\"TheHouseSitting\"},\"image\":{\"@id\":\"https:\/\/thehousesitting.com\/fr\/#\/schema\/logo\/image\/\"}}]}<\/script>\n<!-- \/ Yoast SEO plugin. -->","yoast_head_json":{"title":"Avviso legale | The House Sitting","robots":{"index":"noindex","follow":"follow"},"og_locale":"fr_FR","og_type":"article","og_title":"Avviso legale | The House Sitting","og_description":"Dans cette mention l\u00e9gale, l\u2019utilisateur trouvera toutes les informations concernant les conditions juridiques qui d\u00e9finissent la relation entre les utilisateurs et l\u2019entit\u00e9 responsable du site web accessible \u00e0 l\u2019URL https:\/\/thehousesitting.com (ci-apr\u00e8s, le \u00ab Site Web \u00bb), mis \u00e0 disposition des internautes par DIGITAL EMPRESA LTD. L\u2019utilisation du Site Web implique l\u2019acceptation pleine et enti\u00e8re de&hellip;","og_url":"https:\/\/thehousesitting.com\/fr\/avviso-legale\/","og_site_name":"The House Sitting","article_modified_time":"2025-05-04T07:55:34+00:00","og_image":[{"width":1200,"height":675,"url":"https:\/\/thehousesitting.com\/wp-content\/uploads\/2025\/04\/thehousesitting-google.jpg","type":"image\/jpeg"}],"twitter_card":"summary_large_image","twitter_misc":{"Dur\u00e9e de lecture estim\u00e9e":"2 minutes"},"schema":{"@context":"https:\/\/schema.org","@graph":[{"@type":"WebPage","@id":"https:\/\/thehousesitting.com\/fr\/avviso-legale\/","url":"https:\/\/thehousesitting.com\/fr\/avviso-legale\/","name":"Avviso legale | The House Sitting","isPartOf":{"@id":"https:\/\/thehousesitting.com\/fr\/#website"},"datePublished":"2025-04-24T08:52:51+00:00","dateModified":"2025-05-04T07:55:34+00:00","breadcrumb":{"@id":"https:\/\/thehousesitting.com\/fr\/avviso-legale\/#breadcrumb"},"inLanguage":"fr-FR","potentialAction":[{"@type":"ReadAction","target":["https:\/\/thehousesitting.com\/fr\/avviso-legale\/"]}]},{"@type":"BreadcrumbList","@id":"https:\/\/thehousesitting.com\/fr\/avviso-legale\/#breadcrumb","itemListElement":[{"@type":"ListItem","position":1,"name":"Home","item":"https:\/\/thehousesitting.com\/fr\/"},{"@type":"ListItem","position":2,"name":"Avviso legale"}]},{"@type":"WebSite","@id":"https:\/\/thehousesitting.com\/fr\/#website","url":"https:\/\/thehousesitting.com\/fr\/","name":"The House Sitting","description":"Trusted Professionals. Full Support. International Coverage.","publisher":{"@id":"https:\/\/thehousesitting.com\/fr\/#organization"},"alternateName":"TheHouseSitting","potentialAction":[{"@type":"SearchAction","target":{"@type":"EntryPoint","urlTemplate":"https:\/\/thehousesitting.com\/fr\/?s={search_term_string}"},"query-input":{"@type":"PropertyValueSpecification","valueRequired":true,"valueName":"search_term_string"}}],"inLanguage":"fr-FR"},{"@type":"Organization","@id":"https:\/\/thehousesitting.com\/fr\/#organization","name":"TheHouseSitting","url":"https:\/\/thehousesitting.com\/fr\/","logo":{"@type":"ImageObject","inLanguage":"fr-FR","@id":"https:\/\/thehousesitting.com\/fr\/#\/schema\/logo\/image\/","url":"https:\/\/thehousesitting.com\/wp-content\/uploads\/2025\/04\/thehousesitting-002.png","contentUrl":"https:\/\/thehousesitting.com\/wp-content\/uploads\/2025\/04\/thehousesitting-002.png","width":327,"height":57,"caption":"TheHouseSitting"},"image":{"@id":"https:\/\/thehousesitting.com\/fr\/#\/schema\/logo\/image\/"}}]}},"_links":{"self":[{"href":"https:\/\/thehousesitting.com\/fr\/wp-json\/wp\/v2\/pages\/584","targetHints":{"allow":["GET"]}}],"collection":[{"href":"https:\/\/thehousesitting.com\/fr\/wp-json\/wp\/v2\/pages"}],"about":[{"href":"https:\/\/thehousesitting.com\/fr\/wp-json\/wp\/v2\/types\/page"}],"author":[{"embeddable":true,"href":"https:\/\/thehousesitting.com\/fr\/wp-json\/wp\/v2\/users\/1"}],"replies":[{"embeddable":true,"href":"https:\/\/thehousesitting.com\/fr\/wp-json\/wp\/v2\/comments?post=584"}],"version-history":[{"count":0,"href":"https:\/\/thehousesitting.com\/fr\/wp-json\/wp\/v2\/pages\/584\/revisions"}],"wp:attachment":[{"href":"https:\/\/thehousesitting.com\/fr\/wp-json\/wp\/v2\/media?parent=584"}],"curies":[{"name":"wp","href":"https:\/\/api.w.org\/{rel}","templated":true}]}}