{"id":586,"date":"2025-04-24T08:52:51","date_gmt":"2025-04-24T08:52:51","guid":{"rendered":"https:\/\/thehousesitting.com\/legal-notice\/"},"modified":"2025-05-04T07:57:46","modified_gmt":"2025-05-04T07:57:46","slug":"avviso-legale","status":"publish","type":"page","link":"https:\/\/thehousesitting.com\/it\/avviso-legale\/","title":{"rendered":"Avviso legale"},"content":{"rendered":"<p>In questa Nota Legale, l&#8217;Utente trover\u00e0 tutte le informazioni relative alle condizioni legali che definiscono il rapporto tra gli utenti e l&#8217;entit\u00e0 responsabile del sito web accessibile all&#8217;URL <strong>https:\/\/thehousesitting.com<\/strong> (di seguito, il \u201cSito Web\u201d), messo a disposizione degli utenti da DIGITAL EMPRESA LTD.<\/p>\n<p>L&#8217;utilizzo del Sito Web implica l&#8217;accettazione piena e senza riserve di ciascuna delle disposizioni incluse in questa Nota Legale. Di conseguenza, l&#8217;utente del Sito Web deve leggere attentamente questa Nota Legale ogni volta che intende utilizzare il sito, poich\u00e9 essa pu\u00f2 essere modificata a discrezione del proprietario del sito o in seguito a cambiamenti legislativi, giurisprudenziali o di prassi commerciale.<\/p>\n<p><strong>1.- INFORMAZIONI SULL\u2019ENTIT\u00c0 RESPONSABILE<\/strong><\/p>\n<p><strong>Ragione sociale:<\/strong> DIGITAL EMPRESA LTD<br \/>\n    <strong>Indirizzo:<\/strong> 20-22 Wenlock Road, Londra. N1 7GU. Inghilterra<br \/>\n    <strong>Partita IVA:<\/strong> 414177022<br \/>\n    <strong>Telefono:<\/strong> +34 611421801 \/ +44 7532765051<br \/>\n    <strong>Email:<\/strong> info@thehousesitting.com<\/p>\n<p>DIGITAL EMPRESA LTD \u00e8 responsabile del Sito Web e si impegna a rispettare tutte le normative britanniche ed europee in materia di protezione dei dati personali degli utenti.<\/p>\n<p><strong>2.- FINALIT\u00c0<\/strong><\/p>\n<p>Il Sito Web fornisce agli utenti l\u2019accesso a informazioni e servizi offerti da DIGITAL EMPRESA LTD a persone o organizzazioni interessate.<\/p>\n<p><strong>3.- ACCESSO E UTILIZZO DEL SITO WEB<\/strong><\/p>\n<p><strong>3.1.- Accesso e utilizzo gratuiti del sito.<\/strong> L&#8217;accesso al sito \u00e8 gratuito per gli utenti, ad eccezione dei costi della connessione alla rete di telecomunicazioni fornita dal provider di accesso dell&#8217;utente.<\/p>\n<p><strong>3.2.- Registrazione dell&#8217;utente.<\/strong> In generale, l\u2019accesso e l\u2019uso del sito non richiedono la sottoscrizione o la registrazione preventiva da parte degli utenti.<\/p>\n<p><strong>3.3.- Esattezza dei dati dell&#8217;utente.<\/strong> Gli utenti garantiscono e sono responsabili della veridicit\u00e0, validit\u00e0 e autenticit\u00e0 dei dati personali forniti.<\/p>\n<p><strong>4.- CONTENUTI DEL SITO WEB<\/strong><\/p>\n<p>La lingua principale del sito \u00e8 l&#8217;inglese. DIGITAL EMPRESA LTD pu\u00f2 modificare i contenuti senza preavviso e senza assumersi alcuna responsabilit\u00e0.<\/p>\n<p><strong>5.- MISURE DI SICUREZZA<\/strong><\/p>\n<p>I dati personali forniti dagli utenti possono essere conservati in banche dati, automatizzate o meno, di propriet\u00e0 esclusiva di DIGITAL EMPRESA LTD, garantendo la loro protezione in conformit\u00e0 con la normativa vigente.<\/p>\n<p><strong>6.- LIMITAZIONE DI RESPONSABILIT\u00c0<\/strong><\/p>\n<p>L\u2019uso del Sito Web \u00e8 responsabilit\u00e0 esclusiva dell\u2019utente. DIGITAL EMPRESA LTD non \u00e8 responsabile per eventuali danni derivanti da un uso improprio del Sito Web.<\/p>\n<p><strong>7.- UTILIZZO DEI COOKIE<\/strong><\/p>\n<p>Il Sito Web pu\u00f2 utilizzare cookie in conformit\u00e0 con quanto previsto nella Politica sui Cookie.<\/p>\n<p><strong>8.- NAVIGAZIONE<\/strong><\/p>\n<p>I server possono raccogliere dati non identificabili, come gli indirizzi IP, esclusivamente a fini statistici e di miglioramento della navigazione.<\/p>\n<p><strong>9.- PROPRIET\u00c0 INTELLETTUALE E INDUSTRIALE<\/strong><\/p>\n<p>Tutti i contenuti del sito sono di propriet\u00e0 di DIGITAL EMPRESA LTD. \u00c8 vietata qualsiasi riproduzione non autorizzata.<\/p>\n<p><strong>10.- LEGGE APPLICABILE E GIURISDIZIONE<\/strong><\/p>\n<p>La presente Nota Legale sar\u00e0 interpretata e regolata secondo la legge del Regno Unito. In caso di controversia, entrambe le parti si sottopongono ai tribunali di Londra, Regno Unito, rinunciando espressamente a qualsiasi altra giurisdizione eventualmente applicabile.<\/p>\n","protected":false},"excerpt":{"rendered":"<p>In questa Nota Legale, l&#8217;Utente trover\u00e0 tutte le informazioni relative alle condizioni legali che definiscono il rapporto tra gli utenti e l&#8217;entit\u00e0 responsabile del sito web accessibile all&#8217;URL https:\/\/thehousesitting.com (di seguito, il \u201cSito Web\u201d), messo a disposizione degli utenti da DIGITAL EMPRESA LTD. L&#8217;utilizzo del Sito Web implica l&#8217;accettazione piena e senza riserve di ciascuna&hellip;<\/p>\n","protected":false},"author":1,"featured_media":0,"parent":0,"menu_order":0,"comment_status":"closed","ping_status":"closed","template":"","meta":{"_acf_changed":false,"footnotes":""},"class_list":["post-586","page","type-page","status-publish","hentry","description-off"],"acf":[],"yoast_head":"<!-- This site is optimized with the Yoast SEO plugin v26.6 - https:\/\/yoast.com\/wordpress\/plugins\/seo\/ -->\n<title>Avviso legale | The House Sitting<\/title>\n<meta name=\"robots\" content=\"noindex, follow\" \/>\n<meta property=\"og:locale\" content=\"it_IT\" \/>\n<meta property=\"og:type\" content=\"article\" \/>\n<meta property=\"og:title\" content=\"Avviso legale | The House Sitting\" \/>\n<meta property=\"og:description\" content=\"In questa Nota Legale, l&#8217;Utente trover\u00e0 tutte le informazioni relative alle condizioni legali che definiscono il rapporto tra gli utenti e l&#8217;entit\u00e0 responsabile del sito web accessibile all&#8217;URL https:\/\/thehousesitting.com (di seguito, il \u201cSito Web\u201d), messo a disposizione degli utenti da DIGITAL EMPRESA LTD. L&#8217;utilizzo del Sito Web implica l&#8217;accettazione piena e senza riserve di ciascuna&hellip;\" \/>\n<meta property=\"og:url\" content=\"https:\/\/thehousesitting.com\/it\/avviso-legale\/\" \/>\n<meta property=\"og:site_name\" content=\"The House Sitting\" \/>\n<meta property=\"article:modified_time\" content=\"2025-05-04T07:57:46+00:00\" \/>\n<meta property=\"og:image\" content=\"https:\/\/thehousesitting.com\/wp-content\/uploads\/2025\/04\/thehousesitting-google.jpg\" \/>\n\t<meta property=\"og:image:width\" content=\"1200\" \/>\n\t<meta property=\"og:image:height\" content=\"675\" \/>\n\t<meta property=\"og:image:type\" content=\"image\/jpeg\" \/>\n<meta name=\"twitter:card\" content=\"summary_large_image\" \/>\n<meta name=\"twitter:label1\" content=\"Tempo di lettura stimato\" \/>\n\t<meta name=\"twitter:data1\" content=\"2 minuti\" \/>\n<script type=\"application\/ld+json\" class=\"yoast-schema-graph\">{\"@context\":\"https:\/\/schema.org\",\"@graph\":[{\"@type\":\"WebPage\",\"@id\":\"https:\/\/thehousesitting.com\/it\/avviso-legale\/\",\"url\":\"https:\/\/thehousesitting.com\/it\/avviso-legale\/\",\"name\":\"Avviso legale | The House Sitting\",\"isPartOf\":{\"@id\":\"https:\/\/thehousesitting.com\/it\/#website\"},\"datePublished\":\"2025-04-24T08:52:51+00:00\",\"dateModified\":\"2025-05-04T07:57:46+00:00\",\"breadcrumb\":{\"@id\":\"https:\/\/thehousesitting.com\/it\/avviso-legale\/#breadcrumb\"},\"inLanguage\":\"it-IT\",\"potentialAction\":[{\"@type\":\"ReadAction\",\"target\":[\"https:\/\/thehousesitting.com\/it\/avviso-legale\/\"]}]},{\"@type\":\"BreadcrumbList\",\"@id\":\"https:\/\/thehousesitting.com\/it\/avviso-legale\/#breadcrumb\",\"itemListElement\":[{\"@type\":\"ListItem\",\"position\":1,\"name\":\"Home\",\"item\":\"https:\/\/thehousesitting.com\/it\/\"},{\"@type\":\"ListItem\",\"position\":2,\"name\":\"Avviso legale\"}]},{\"@type\":\"WebSite\",\"@id\":\"https:\/\/thehousesitting.com\/it\/#website\",\"url\":\"https:\/\/thehousesitting.com\/it\/\",\"name\":\"The House Sitting\",\"description\":\"Trusted Professionals. Full Support. International Coverage.\",\"publisher\":{\"@id\":\"https:\/\/thehousesitting.com\/it\/#organization\"},\"alternateName\":\"TheHouseSitting\",\"potentialAction\":[{\"@type\":\"SearchAction\",\"target\":{\"@type\":\"EntryPoint\",\"urlTemplate\":\"https:\/\/thehousesitting.com\/it\/?s={search_term_string}\"},\"query-input\":{\"@type\":\"PropertyValueSpecification\",\"valueRequired\":true,\"valueName\":\"search_term_string\"}}],\"inLanguage\":\"it-IT\"},{\"@type\":\"Organization\",\"@id\":\"https:\/\/thehousesitting.com\/it\/#organization\",\"name\":\"TheHouseSitting\",\"url\":\"https:\/\/thehousesitting.com\/it\/\",\"logo\":{\"@type\":\"ImageObject\",\"inLanguage\":\"it-IT\",\"@id\":\"https:\/\/thehousesitting.com\/it\/#\/schema\/logo\/image\/\",\"url\":\"https:\/\/thehousesitting.com\/wp-content\/uploads\/2025\/04\/thehousesitting-002.png\",\"contentUrl\":\"https:\/\/thehousesitting.com\/wp-content\/uploads\/2025\/04\/thehousesitting-002.png\",\"width\":327,\"height\":57,\"caption\":\"TheHouseSitting\"},\"image\":{\"@id\":\"https:\/\/thehousesitting.com\/it\/#\/schema\/logo\/image\/\"}}]}<\/script>\n<!-- \/ Yoast SEO plugin. -->","yoast_head_json":{"title":"Avviso legale | The House Sitting","robots":{"index":"noindex","follow":"follow"},"og_locale":"it_IT","og_type":"article","og_title":"Avviso legale | The House Sitting","og_description":"In questa Nota Legale, l&#8217;Utente trover\u00e0 tutte le informazioni relative alle condizioni legali che definiscono il rapporto tra gli utenti e l&#8217;entit\u00e0 responsabile del sito web accessibile all&#8217;URL https:\/\/thehousesitting.com (di seguito, il \u201cSito Web\u201d), messo a disposizione degli utenti da DIGITAL EMPRESA LTD. L&#8217;utilizzo del Sito Web implica l&#8217;accettazione piena e senza riserve di ciascuna&hellip;","og_url":"https:\/\/thehousesitting.com\/it\/avviso-legale\/","og_site_name":"The House Sitting","article_modified_time":"2025-05-04T07:57:46+00:00","og_image":[{"width":1200,"height":675,"url":"https:\/\/thehousesitting.com\/wp-content\/uploads\/2025\/04\/thehousesitting-google.jpg","type":"image\/jpeg"}],"twitter_card":"summary_large_image","twitter_misc":{"Tempo di lettura stimato":"2 minuti"},"schema":{"@context":"https:\/\/schema.org","@graph":[{"@type":"WebPage","@id":"https:\/\/thehousesitting.com\/it\/avviso-legale\/","url":"https:\/\/thehousesitting.com\/it\/avviso-legale\/","name":"Avviso legale | The House Sitting","isPartOf":{"@id":"https:\/\/thehousesitting.com\/it\/#website"},"datePublished":"2025-04-24T08:52:51+00:00","dateModified":"2025-05-04T07:57:46+00:00","breadcrumb":{"@id":"https:\/\/thehousesitting.com\/it\/avviso-legale\/#breadcrumb"},"inLanguage":"it-IT","potentialAction":[{"@type":"ReadAction","target":["https:\/\/thehousesitting.com\/it\/avviso-legale\/"]}]},{"@type":"BreadcrumbList","@id":"https:\/\/thehousesitting.com\/it\/avviso-legale\/#breadcrumb","itemListElement":[{"@type":"ListItem","position":1,"name":"Home","item":"https:\/\/thehousesitting.com\/it\/"},{"@type":"ListItem","position":2,"name":"Avviso legale"}]},{"@type":"WebSite","@id":"https:\/\/thehousesitting.com\/it\/#website","url":"https:\/\/thehousesitting.com\/it\/","name":"The House Sitting","description":"Trusted Professionals. Full Support. International Coverage.","publisher":{"@id":"https:\/\/thehousesitting.com\/it\/#organization"},"alternateName":"TheHouseSitting","potentialAction":[{"@type":"SearchAction","target":{"@type":"EntryPoint","urlTemplate":"https:\/\/thehousesitting.com\/it\/?s={search_term_string}"},"query-input":{"@type":"PropertyValueSpecification","valueRequired":true,"valueName":"search_term_string"}}],"inLanguage":"it-IT"},{"@type":"Organization","@id":"https:\/\/thehousesitting.com\/it\/#organization","name":"TheHouseSitting","url":"https:\/\/thehousesitting.com\/it\/","logo":{"@type":"ImageObject","inLanguage":"it-IT","@id":"https:\/\/thehousesitting.com\/it\/#\/schema\/logo\/image\/","url":"https:\/\/thehousesitting.com\/wp-content\/uploads\/2025\/04\/thehousesitting-002.png","contentUrl":"https:\/\/thehousesitting.com\/wp-content\/uploads\/2025\/04\/thehousesitting-002.png","width":327,"height":57,"caption":"TheHouseSitting"},"image":{"@id":"https:\/\/thehousesitting.com\/it\/#\/schema\/logo\/image\/"}}]}},"_links":{"self":[{"href":"https:\/\/thehousesitting.com\/it\/wp-json\/wp\/v2\/pages\/586","targetHints":{"allow":["GET"]}}],"collection":[{"href":"https:\/\/thehousesitting.com\/it\/wp-json\/wp\/v2\/pages"}],"about":[{"href":"https:\/\/thehousesitting.com\/it\/wp-json\/wp\/v2\/types\/page"}],"author":[{"embeddable":true,"href":"https:\/\/thehousesitting.com\/it\/wp-json\/wp\/v2\/users\/1"}],"replies":[{"embeddable":true,"href":"https:\/\/thehousesitting.com\/it\/wp-json\/wp\/v2\/comments?post=586"}],"version-history":[{"count":0,"href":"https:\/\/thehousesitting.com\/it\/wp-json\/wp\/v2\/pages\/586\/revisions"}],"wp:attachment":[{"href":"https:\/\/thehousesitting.com\/it\/wp-json\/wp\/v2\/media?parent=586"}],"curies":[{"name":"wp","href":"https:\/\/api.w.org\/{rel}","templated":true}]}}